{"id":1463,"date":"2026-01-11T00:00:43","date_gmt":"2026-01-10T23:00:43","guid":{"rendered":"https:\/\/twinmove.pl\/index.php\/home\/"},"modified":"2026-01-15T18:13:43","modified_gmt":"2026-01-15T17:13:43","slug":"home","status":"publish","type":"page","link":"https:\/\/twinmove.pl\/home\/","title":{"rendered":"TwinMove-PL"},"content":{"rendered":"\t\t<div data-elementor-type=\"wp-post\" data-elementor-id=\"1463\" class=\"elementor elementor-1463\">\n\t\t\t\t<div class=\"elementor-element elementor-element-8bcd764 e-flex e-con-boxed elementor-invisible e-con e-parent\" data-id=\"8bcd764\" data-element_type=\"container\" data-settings=\"{&quot;background_background&quot;:&quot;classic&quot;,&quot;animation&quot;:&quot;fadeIn&quot;}\">\n\t\t\t\t\t<div class=\"e-con-inner\">\n\t\t<div class=\"elementor-element elementor-element-3211a19 e-con-full e-flex e-con e-child\" data-id=\"3211a19\" data-element_type=\"container\">\n\t\t\t\t<\/div>\n\t\t<div class=\"elementor-element elementor-element-70fdbc1 e-con-full e-flex e-con e-child\" data-id=\"70fdbc1\" data-element_type=\"container\">\n\t\t\t\t<div class=\"elementor-element elementor-element-68cc8a5 elementor-invisible elementor-widget elementor-widget-text-editor\" data-id=\"68cc8a5\" data-element_type=\"widget\" data-settings=\"{&quot;_animation&quot;:&quot;fadeInUp&quot;}\" data-widget_type=\"text-editor.default\">\n\t\t\t\t<div class=\"elementor-widget-container\">\n\t\t\t\t\t\t\t\t\t<h1><a href=\"https:\/\/twinmove.pl\/en\/tm-en\/\"><span style=\"text-decoration: underline;\"><strong>PL | <\/strong><strong>EN<\/strong><\/span><\/a><\/h1>\t\t\t\t\t\t\t\t<\/div>\n\t\t\t\t<\/div>\n\t\t\t\t<\/div>\n\t\t\t\t\t<\/div>\n\t\t\t\t<\/div>\n\t\t<div class=\"elementor-element elementor-element-3445653 e-flex e-con-boxed e-con e-parent\" data-id=\"3445653\" data-element_type=\"container\" data-settings=\"{&quot;background_background&quot;:&quot;classic&quot;}\">\n\t\t\t\t\t<div class=\"e-con-inner\">\n\t\t<div class=\"elementor-element elementor-element-a2a0548 e-con-full e-flex e-con e-child\" data-id=\"a2a0548\" data-element_type=\"container\">\n\t\t\t\t<div class=\"elementor-element elementor-element-d8b0325 elementor-widget elementor-widget-heading\" data-id=\"d8b0325\" data-element_type=\"widget\" data-widget_type=\"heading.default\">\n\t\t\t\t<div class=\"elementor-widget-container\">\n\t\t\t\t\t<h2 class=\"elementor-heading-title elementor-size-default\">Witaj w TwinMove!<\/h2>\t\t\t\t<\/div>\n\t\t\t\t<\/div>\n\t\t\t\t<div class=\"elementor-element elementor-element-eeed392 elementor-widget elementor-widget-text-editor\" data-id=\"eeed392\" data-element_type=\"widget\" data-widget_type=\"text-editor.default\">\n\t\t\t\t<div class=\"elementor-widget-container\">\n\t\t\t\t\t\t\t\t\t<p>TwinMove efektywnie wspiera startupy oraz ma\u0142e i \u015brednie przedsi\u0119biorstwa r\u00f3znych bran\u017c oferuj\u0105c profesjonalny zakres us\u0142ug z obszaru doradztwa strategicznego i wsparcia rozwoju biznesu.<\/p>\t\t\t\t\t\t\t\t<\/div>\n\t\t\t\t<\/div>\n\t\t\t\t<\/div>\n\t\t<div class=\"elementor-element elementor-element-ef722fb e-con-full e-flex e-con e-child\" data-id=\"ef722fb\" data-element_type=\"container\">\n\t\t<div class=\"elementor-element elementor-element-b9c5d57 e-con-full e-flex e-con e-child\" data-id=\"b9c5d57\" data-element_type=\"container\" data-settings=\"{&quot;background_background&quot;:&quot;classic&quot;}\">\n\t\t\t\t<div class=\"elementor-element elementor-element-7bf9561 elementor-widget elementor-widget-hfe-infocard\" data-id=\"7bf9561\" data-element_type=\"widget\" data-widget_type=\"hfe-infocard.default\">\n\t\t\t\t<div class=\"elementor-widget-container\">\n\t\t\t\t\t\n\t\t<div class=\"hfe-infocard\">\n\t\t\t\t\t\t<div class=\"hfe-icon-wrap\">\n\t\t\t\t<span class=\"hfe-icon\">\n\t\t\t\t\t<i aria-hidden=\"true\" class=\"far fa-edit\"><\/i>\t\t\t\t<\/span>\n\t\t\t<\/div>\n\t\t\t\t\t\t\t\t\t<div class=\"hfe-infocard-title-wrap\">\n\t\t\t\t<h4 class=\"hfe-infocard-title elementor-inline-editing\" data-elementor-setting-key=\"infocard_title\" data-elementor-inline-editing-toolbar=\"basic\" >Badania rynku<\/h4>\t\t\t<\/div>\n\t\t\t\t\t\t<div class=\"hfe-infocard-text-wrap\">\n\t\t\t\t<div class=\"hfe-infocard-text elementor-inline-editing\" data-elementor-setting-key=\"infocard_description\" data-elementor-inline-editing-toolbar=\"advanced\">\n\t\t\t\t\t- Definicje rynku\n- Analizy popytowe\n- Analizy poda\u017cowe\n- Analizy konkurencji\n- Analizy otoczenia rynkowego\n- Analizy rentowno\u015bci\n- Analizy kana\u0142\u00f3w dystrybucji i komunikacji\n- Identyfikacja szans i zagro\u017ce\u0144 - Marketing Intelligence\t\t\t\t<\/div>\n\t\t\t\t\t\t\t<\/div>\n\t\t<\/div>\n\n\t\t\t\t\t\t<\/div>\n\t\t\t\t<\/div>\n\t\t\t\t<\/div>\n\t\t<div class=\"elementor-element elementor-element-c7e050f e-con-full e-flex e-con e-child\" data-id=\"c7e050f\" data-element_type=\"container\" data-settings=\"{&quot;background_background&quot;:&quot;classic&quot;}\">\n\t\t\t\t<div class=\"elementor-element elementor-element-24ad319 elementor-widget elementor-widget-hfe-infocard\" data-id=\"24ad319\" data-element_type=\"widget\" data-widget_type=\"hfe-infocard.default\">\n\t\t\t\t<div class=\"elementor-widget-container\">\n\t\t\t\t\t\n\t\t<div class=\"hfe-infocard\">\n\t\t\t\t\t\t<div class=\"hfe-icon-wrap\">\n\t\t\t\t<span class=\"hfe-icon\">\n\t\t\t\t\t<i aria-hidden=\"true\" class=\"far fa-object-group\"><\/i>\t\t\t\t<\/span>\n\t\t\t<\/div>\n\t\t\t\t\t\t\t\t\t<div class=\"hfe-infocard-title-wrap\">\n\t\t\t\t<h4 class=\"hfe-infocard-title elementor-inline-editing\" data-elementor-setting-key=\"infocard_title\" data-elementor-inline-editing-toolbar=\"basic\" >Komercjalizacja innowacji<\/h4>\t\t\t<\/div>\n\t\t\t\t\t\t<div class=\"hfe-infocard-text-wrap\">\n\t\t\t\t<div class=\"hfe-infocard-text elementor-inline-editing\" data-elementor-setting-key=\"infocard_description\" data-elementor-inline-editing-toolbar=\"advanced\">\n\t\t\t\t\tAnalizy innowacji\n- Analizy stanu techniki i ochrony IP\n- Strategie rozwoju technologii\/produkt\u00f3w\n- Analizy rynku i opracowanie modeli biznesowych\n- Strategie wej\u015bcia na rynek\n- Wsparcie w pozyskiwaniu kapita\u0142u\n- Wsparcie proces\u00f3w wdro\u017cenia i skalowania\n- Analizy efektywno\u015bci komercjalizacji\t\t\t\t<\/div>\n\t\t\t\t\t\t\t<\/div>\n\t\t<\/div>\n\n\t\t\t\t\t\t<\/div>\n\t\t\t\t<\/div>\n\t\t\t\t<\/div>\n\t\t<div class=\"elementor-element elementor-element-5e54ada e-con-full e-flex e-con e-child\" data-id=\"5e54ada\" data-element_type=\"container\" data-settings=\"{&quot;background_background&quot;:&quot;classic&quot;}\">\n\t\t\t\t<div class=\"elementor-element elementor-element-55aca59 elementor-widget elementor-widget-hfe-infocard\" data-id=\"55aca59\" data-element_type=\"widget\" data-widget_type=\"hfe-infocard.default\">\n\t\t\t\t<div class=\"elementor-widget-container\">\n\t\t\t\t\t\n\t\t<div class=\"hfe-infocard\">\n\t\t\t\t\t\t<div class=\"hfe-icon-wrap\">\n\t\t\t\t<span class=\"hfe-icon\">\n\t\t\t\t\t<i aria-hidden=\"true\" class=\"far fa-paper-plane\"><\/i>\t\t\t\t<\/span>\n\t\t\t<\/div>\n\t\t\t\t\t\t\t\t\t<div class=\"hfe-infocard-title-wrap\">\n\t\t\t\t<h4 class=\"hfe-infocard-title elementor-inline-editing\" data-elementor-setting-key=\"infocard_title\" data-elementor-inline-editing-toolbar=\"basic\" >Inkubacja i akceleracja<\/h4>\t\t\t<\/div>\n\t\t\t\t\t\t<div class=\"hfe-infocard-text-wrap\">\n\t\t\t\t<div class=\"hfe-infocard-text elementor-inline-editing\" data-elementor-setting-key=\"infocard_description\" data-elementor-inline-editing-toolbar=\"advanced\">\n\t\t\t\t\tAnalizy pomys\u0142\u00f3w\n- Walidacje koncepcji biznesowej\n- Wsparcie merytoryczne i doradcze\n- Rozw\u00f3j produkt\u00f3w i us\u0142ug\n- Strategie rozwoju technologii\/produkt\u00f3w\n- Wsparcie organizacyjne i operacyjne\n- Wsparcie w pozyskiwaniu kapita\u0142u\n- Wsparcie w zarz\u0105dzaniu\n- Wparcie w skalowaniu i rozwoju\n- Ewaluacja projekt\u00f3w\t\t\t\t<\/div>\n\t\t\t\t\t\t\t<\/div>\n\t\t<\/div>\n\n\t\t\t\t\t\t<\/div>\n\t\t\t\t<\/div>\n\t\t\t\t<\/div>\n\t\t\t\t<\/div>\n\t\t<div class=\"elementor-element elementor-element-8cf662e e-con-full e-flex e-con e-child\" data-id=\"8cf662e\" data-element_type=\"container\">\n\t\t<div class=\"elementor-element elementor-element-6abb0f1 e-con-full e-flex e-con e-child\" data-id=\"6abb0f1\" data-element_type=\"container\" data-settings=\"{&quot;background_background&quot;:&quot;classic&quot;}\">\n\t\t\t\t<div class=\"elementor-element elementor-element-a68e165 elementor-widget elementor-widget-hfe-infocard\" data-id=\"a68e165\" data-element_type=\"widget\" data-widget_type=\"hfe-infocard.default\">\n\t\t\t\t<div class=\"elementor-widget-container\">\n\t\t\t\t\t\n\t\t<div class=\"hfe-infocard\">\n\t\t\t\t\t\t<div class=\"hfe-icon-wrap\">\n\t\t\t\t<span class=\"hfe-icon\">\n\t\t\t\t\t<i aria-hidden=\"true\" class=\"far fa-lightbulb\"><\/i>\t\t\t\t<\/span>\n\t\t\t<\/div>\n\t\t\t\t\t\t\t\t\t<div class=\"hfe-infocard-title-wrap\">\n\t\t\t\t<h4 class=\"hfe-infocard-title elementor-inline-editing\" data-elementor-setting-key=\"infocard_title\" data-elementor-inline-editing-toolbar=\"basic\" >Badania i rozw\u00f3j<\/h4>\t\t\t<\/div>\n\t\t\t\t\t\t<div class=\"hfe-infocard-text-wrap\">\n\t\t\t\t<div class=\"hfe-infocard-text elementor-inline-editing\" data-elementor-setting-key=\"infocard_description\" data-elementor-inline-editing-toolbar=\"advanced\">\n\t\t\t\t\tPrzygotowanie i prowadzenie projektow badawczo-rozwojowych\n- Projektowanie rozwi\u0105za\u0144 przemys\u0142owych\n- Opracowywanie prototyp\u00f3w\n- Rozw\u00f3j technologii wytw\u00f3rczych\n- Projektowanie linii produkcyjnych\n- Doradztwo wdro\u017ceniowe\t\t\t\t<\/div>\n\t\t\t\t\t\t\t<\/div>\n\t\t<\/div>\n\n\t\t\t\t\t\t<\/div>\n\t\t\t\t<\/div>\n\t\t\t\t<\/div>\n\t\t<div class=\"elementor-element elementor-element-ce996e1 e-con-full e-flex e-con e-child\" data-id=\"ce996e1\" data-element_type=\"container\" data-settings=\"{&quot;background_background&quot;:&quot;classic&quot;}\">\n\t\t\t\t<div class=\"elementor-element elementor-element-fe9c764 elementor-widget elementor-widget-hfe-infocard\" data-id=\"fe9c764\" data-element_type=\"widget\" data-widget_type=\"hfe-infocard.default\">\n\t\t\t\t<div class=\"elementor-widget-container\">\n\t\t\t\t\t\n\t\t<div class=\"hfe-infocard\">\n\t\t\t\t\t\t<div class=\"hfe-icon-wrap\">\n\t\t\t\t<span class=\"hfe-icon\">\n\t\t\t\t\t<i aria-hidden=\"true\" class=\"far fa-credit-card\"><\/i>\t\t\t\t<\/span>\n\t\t\t<\/div>\n\t\t\t\t\t\t\t\t\t<div class=\"hfe-infocard-title-wrap\">\n\t\t\t\t<h4 class=\"hfe-infocard-title elementor-inline-editing\" data-elementor-setting-key=\"infocard_title\" data-elementor-inline-editing-toolbar=\"basic\" >Wsparcie rozwoju biznesu<\/h4>\t\t\t<\/div>\n\t\t\t\t\t\t<div class=\"hfe-infocard-text-wrap\">\n\t\t\t\t<div class=\"hfe-infocard-text elementor-inline-editing\" data-elementor-setting-key=\"infocard_description\" data-elementor-inline-editing-toolbar=\"advanced\">\n\t\t\t\t\tPozyskiwanie klient\u00f3w\n- Obs\u0142uga klient\u00f3w\n- Prezentacja i sprzeda\u017c oferty\n- Realizacja i nadz\u00f3r nad realizacj\u0105 zam\u00f3wie\u0144\n- Analizy rynku i konkurencji\n- Raportowanie i dokumentacja\n- Wsparcie operacyjne dzia\u0142\u00f3w marketingu, logistyki i obs\u0142ugi klienta\n- Koordynacja projekt\u00f3w rozwojowych\n- Wsparcie proces\u00f3w decyzyjnych\t\t\t\t<\/div>\n\t\t\t\t\t\t\t<\/div>\n\t\t<\/div>\n\n\t\t\t\t\t\t<\/div>\n\t\t\t\t<\/div>\n\t\t\t\t<\/div>\n\t\t<div class=\"elementor-element elementor-element-861f29f e-con-full e-flex e-con e-child\" data-id=\"861f29f\" data-element_type=\"container\" data-settings=\"{&quot;background_background&quot;:&quot;classic&quot;}\">\n\t\t\t\t<div class=\"elementor-element elementor-element-5649408 elementor-widget elementor-widget-hfe-infocard\" data-id=\"5649408\" data-element_type=\"widget\" data-widget_type=\"hfe-infocard.default\">\n\t\t\t\t<div class=\"elementor-widget-container\">\n\t\t\t\t\t\n\t\t<div class=\"hfe-infocard\">\n\t\t\t\t\t\t<div class=\"hfe-icon-wrap\">\n\t\t\t\t<span class=\"hfe-icon\">\n\t\t\t\t\t<i aria-hidden=\"true\" class=\"far fa-user-circle\"><\/i>\t\t\t\t<\/span>\n\t\t\t<\/div>\n\t\t\t\t\t\t\t\t\t<div class=\"hfe-infocard-title-wrap\">\n\t\t\t\t<h4 class=\"hfe-infocard-title elementor-inline-editing\" data-elementor-setting-key=\"infocard_title\" data-elementor-inline-editing-toolbar=\"basic\" >Po\u015brednictwo handlowe<\/h4>\t\t\t<\/div>\n\t\t\t\t\t\t<div class=\"hfe-infocard-text-wrap\">\n\t\t\t\t<div class=\"hfe-infocard-text elementor-inline-editing\" data-elementor-setting-key=\"infocard_description\" data-elementor-inline-editing-toolbar=\"advanced\">\n\t\t\t\t\tPozyskiwanie klient\u00f3w i partner\u00f3w\n- Prezentacja i sprzeda\u017c oferty\n- Koordynacja transakcji\n- Analiza rynku i konkurencji\n- Wsparcie posprzeda\u017cowe\n- Raportowanie i dokumentacja\t\t\t\t<\/div>\n\t\t\t\t\t\t\t<\/div>\n\t\t<\/div>\n\n\t\t\t\t\t\t<\/div>\n\t\t\t\t<\/div>\n\t\t\t\t<\/div>\n\t\t\t\t<\/div>\n\t\t\t\t\t<\/div>\n\t\t\t\t<\/div>\n\t\t<div class=\"elementor-element elementor-element-27486fe e-flex e-con-boxed e-con e-parent\" data-id=\"27486fe\" data-element_type=\"container\" data-settings=\"{&quot;background_background&quot;:&quot;classic&quot;}\">\n\t\t\t\t\t<div class=\"e-con-inner\">\n\t\t<div class=\"elementor-element elementor-element-9a32fbc e-con-full e-flex e-con e-child\" data-id=\"9a32fbc\" data-element_type=\"container\">\n\t\t\t\t<div class=\"elementor-element elementor-element-e141aeb elementor-widget elementor-widget-heading\" data-id=\"e141aeb\" data-element_type=\"widget\" data-widget_type=\"heading.default\">\n\t\t\t\t<div class=\"elementor-widget-container\">\n\t\t\t\t\t<h3 class=\"elementor-heading-title elementor-size-default\">Efektywne  wsparcie rozwoju biznesu!<\/h3>\t\t\t\t<\/div>\n\t\t\t\t<\/div>\n\t\t\t\t<div class=\"elementor-element elementor-element-386dae8 elementor-widget elementor-widget-testimonial\" data-id=\"386dae8\" data-element_type=\"widget\" data-widget_type=\"testimonial.default\">\n\t\t\t\t<div class=\"elementor-widget-container\">\n\t\t\t\t\t\t\t<div class=\"elementor-testimonial-wrapper\">\n\t\t\t\t\t\t\t<div class=\"elementor-testimonial-content\">Interdyscyplinarne kompetencje TwinMove bazuj\u0105 na ponad 30 latach do\u015bwiadcze\u0144 biznesowych za\u0142o\u017cycieli, wyniesionych ze wsp\u00f3\u0142pracy z firmami krajowymi i mi\u0119dzynarodowymi r\u00f3\u017cnych bran\u017c oraz wsp\u00f3\u0142pracy przy ponad 50 projektach B+R i strategiach komercjalizacji. Oferujemy tak\u017ce wsparcie doradcze specjalist\u00f3w r\u00f3\u017cnych dziedzinowych bran\u017c przemys\u0142owych. Zapraszam do sk\u0142adania zapyta\u0144!<\/div>\n\t\t\t\n\t\t\t\t\t\t<div class=\"elementor-testimonial-meta elementor-has-image elementor-testimonial-image-position-top\">\n\t\t\t\t<div class=\"elementor-testimonial-meta-inner\">\n\t\t\t\t\t\t\t\t\t\t\t<div class=\"elementor-testimonial-image\">\n\t\t\t\t\t\t\t<img fetchpriority=\"high\" decoding=\"async\" width=\"960\" height=\"960\" src=\"https:\/\/twinmove.pl\/wp-content\/uploads\/2026\/01\/AF-TM-2.jpg\" class=\"attachment-full size-full wp-image-2519\" alt=\"af tm 2\" title=\"TwinMove-PL\" srcset=\"https:\/\/twinmove.pl\/wp-content\/uploads\/2026\/01\/AF-TM-2.jpg 960w, https:\/\/twinmove.pl\/wp-content\/uploads\/2026\/01\/AF-TM-2-300x300.jpg 300w, https:\/\/twinmove.pl\/wp-content\/uploads\/2026\/01\/AF-TM-2-150x150.jpg 150w, https:\/\/twinmove.pl\/wp-content\/uploads\/2026\/01\/AF-TM-2-768x768.jpg 768w\" sizes=\"(max-width: 960px) 100vw, 960px\" \/>\t\t\t\t\t\t<\/div>\n\t\t\t\t\t\n\t\t\t\t\t\t\t\t\t\t<div class=\"elementor-testimonial-details\">\n\t\t\t\t\t\t\t\t\t\t\t\t\t\t<div class=\"elementor-testimonial-name\">Andrzej Fija\u0142kowski<\/div>\n\t\t\t\t\t\t\t\t\t\t\t\t\t\t\t\t\t\t\t\t\t\t<div class=\"elementor-testimonial-job\">Managing Director &amp; Principal Consultant \/ Certified innovation Manager<\/div>\n\t\t\t\t\t\t\t\t\t\t\t\t\t<\/div>\n\t\t\t\t\t\t\t\t\t<\/div>\n\t\t\t<\/div>\n\t\t\t\t\t<\/div>\n\t\t\t\t\t\t<\/div>\n\t\t\t\t<\/div>\n\t\t\t\t<\/div>\n\t\t\t\t\t<\/div>\n\t\t\t\t<\/div>\n\t\t<div class=\"elementor-element elementor-element-f2018a9 e-flex e-con-boxed e-con e-parent\" data-id=\"f2018a9\" data-element_type=\"container\">\n\t\t\t\t\t<div class=\"e-con-inner\">\n\t\t\t\t\t<\/div>\n\t\t\t\t<\/div>\n\t\t\t\t<\/div>\n\t\t","protected":false},"excerpt":{"rendered":"<p>PL | EN Witaj w TwinMove! TwinMove efektywnie wspiera startupy oraz ma\u0142e i \u015brednie przedsi\u0119biorstwa r\u00f3znych bran\u017c oferuj\u0105c profesjonalny zakres us\u0142ug z obszaru doradztwa strategicznego i wsparcia rozwoju biznesu. Badania rynku &#8211; Definicje rynku &#8211; Analizy popytowe &#8211; Analizy poda\u017cowe &#8211; Analizy konkurencji &#8211; Analizy otoczenia rynkowego &#8211; Analizy rentowno\u015bci &#8211; Analizy kana\u0142\u00f3w dystrybucji i [&hellip;]<\/p>\n","protected":false},"author":2,"featured_media":0,"parent":0,"menu_order":0,"comment_status":"closed","ping_status":"closed","template":"","meta":{"site-sidebar-layout":"no-sidebar","site-content-layout":"page-builder","ast-site-content-layout":"full-width-container","site-content-style":"unboxed","site-sidebar-style":"unboxed","ast-global-header-display":"","ast-banner-title-visibility":"","ast-main-header-display":"","ast-hfb-above-header-display":"","ast-hfb-below-header-display":"","ast-hfb-mobile-header-display":"","site-post-title":"disabled","ast-breadcrumbs-content":"","ast-featured-img":"disabled","footer-sml-layout":"","ast-disable-related-posts":"","theme-transparent-header-meta":"enabled","adv-header-id-meta":"","stick-header-meta":"","header-above-stick-meta":"","header-main-stick-meta":"","header-below-stick-meta":"","astra-migrate-meta-layouts":"set","ast-page-background-enabled":"default","ast-page-background-meta":{"desktop":{"background-color":"","background-image":"","background-repeat":"repeat","background-position":"center center","background-size":"auto","background-attachment":"scroll","background-type":"","background-media":"","overlay-type":"","overlay-color":"","overlay-opacity":"","overlay-gradient":""},"tablet":{"background-color":"","background-image":"","background-repeat":"repeat","background-position":"center center","background-size":"auto","background-attachment":"scroll","background-type":"","background-media":"","overlay-type":"","overlay-color":"","overlay-opacity":"","overlay-gradient":""},"mobile":{"background-color":"","background-image":"","background-repeat":"repeat","background-position":"center center","background-size":"auto","background-attachment":"scroll","background-type":"","background-media":"","overlay-type":"","overlay-color":"","overlay-opacity":"","overlay-gradient":""}},"ast-content-background-meta":{"desktop":{"background-color":"var(--ast-global-color-5)","background-image":"","background-repeat":"repeat","background-position":"center center","background-size":"auto","background-attachment":"scroll","background-type":"","background-media":"","overlay-type":"","overlay-color":"","overlay-opacity":"","overlay-gradient":""},"tablet":{"background-color":"var(--ast-global-color-5)","background-image":"","background-repeat":"repeat","background-position":"center center","background-size":"auto","background-attachment":"scroll","background-type":"","background-media":"","overlay-type":"","overlay-color":"","overlay-opacity":"","overlay-gradient":""},"mobile":{"background-color":"var(--ast-global-color-5)","background-image":"","background-repeat":"repeat","background-position":"center center","background-size":"auto","background-attachment":"scroll","background-type":"","background-media":"","overlay-type":"","overlay-color":"","overlay-opacity":"","overlay-gradient":""}},"footnotes":""},"class_list":["post-1463","page","type-page","status-publish","hentry"],"_links":{"self":[{"href":"https:\/\/twinmove.pl\/home\/wp-json\/wp\/v2\/pages\/1463","targetHints":{"allow":["GET"]}}],"collection":[{"href":"https:\/\/twinmove.pl\/home\/wp-json\/wp\/v2\/pages"}],"about":[{"href":"https:\/\/twinmove.pl\/home\/wp-json\/wp\/v2\/types\/page"}],"author":[{"embeddable":true,"href":"https:\/\/twinmove.pl\/home\/wp-json\/wp\/v2\/users\/2"}],"replies":[{"embeddable":true,"href":"https:\/\/twinmove.pl\/home\/wp-json\/wp\/v2\/comments?post=1463"}],"version-history":[{"count":55,"href":"https:\/\/twinmove.pl\/home\/wp-json\/wp\/v2\/pages\/1463\/revisions"}],"predecessor-version":[{"id":2672,"href":"https:\/\/twinmove.pl\/home\/wp-json\/wp\/v2\/pages\/1463\/revisions\/2672"}],"wp:attachment":[{"href":"https:\/\/twinmove.pl\/home\/wp-json\/wp\/v2\/media?parent=1463"}],"curies":[{"name":"wp","href":"https:\/\/api.w.org\/{rel}","templated":true}]}}